{"id":495,"date":"2025-08-05T06:51:11","date_gmt":"2025-08-05T06:51:11","guid":{"rendered":"https:\/\/lebaobabstore.com\/privacy-policy\/"},"modified":"2025-08-19T10:34:44","modified_gmt":"2025-08-19T10:34:44","slug":"privacy-policy","status":"publish","type":"page","link":"https:\/\/lebaobabstore.com\/en\/privacy-policy\/","title":{"rendered":"Privacy Policy"},"content":{"rendered":"\r\n<p>Qui sommes-nous\u00a0?<\/p>\r\n<p>Suggestion de texte\u00a0: L\u2019adresse de notre site Web est\u00a0: https:\/\/lebaobabstore.com.<\/p>\r\n<p>Commentaires<\/p>\r\n<p>Suggestion de texte\u00a0: Lorsque les visiteurs laissent des commentaires sur le site, nous recueillons les donn\u00e9es figurant dans le formulaire de commentaires, ainsi que leur adresse IP et l\u2019agent utilisateur de leur navigateur afin de faciliter la d\u00e9tection des spams.<\/p>\r\n<p>Une cha\u00eene anonymis\u00e9e cr\u00e9\u00e9e \u00e0 partir de votre adresse courriel (aussi appel\u00e9e hachage) peut \u00eatre transmise au service Gravatar pour v\u00e9rifier si vous l\u2019utilisez. La politique de confidentialit\u00e9 du service Gravatar est disponible ici\u00a0: https:\/\/automattic.com\/privacy\/. Apr\u00e8s validation de votre commentaire, votre photo de profil sera visible publiquement dans le contexte de votre commentaire.<\/p>\r\n<p>M\u00e9dias<\/p>\r\n<p>Suggestion de texte\u00a0: Si vous t\u00e9l\u00e9chargez des images sur le site Web, \u00e9vitez de t\u00e9l\u00e9charger des images contenant des donn\u00e9es EXIF de localisation GPS. Les visiteurs du site Web peuvent t\u00e9l\u00e9charger et extraire des donn\u00e9es de localisation \u00e0 partir des images.<\/p>\r\n<p>T\u00e9moins<\/p>\r\n<p>Suggestion de texte\u00a0: Si vous laissez un commentaire sur notre site, vous pouvez choisir d\u2019enregistrer votre nom, votre adresse courriel et votre site Web dans des cookies. Ces biscuits sont utilis\u00e9s pour votre confort et vous \u00e9vitent de les saisir \u00e0 nouveau lorsque vous laissez un autre commentaire. Leur dur\u00e9e de vie est d&#8217;un an.<\/p>\r\n<p>Si vous visitez notre page de connexion, nous installerons un t\u00e9moin temporaire afin de d\u00e9terminer si votre navigateur accepte les cookies. Ce t\u00e9moin ne contient aucune donn\u00e9e personnelle et est supprim\u00e9 lorsque vous fermez votre navigateur.<\/p>\r\n<p>Lorsque vous vous connectez, nous installerons \u00e9galement plusieurs t\u00e9moins pour enregistrer vos informations de connexion et vos pr\u00e9f\u00e9rences d\u2019affichage. Les t\u00e9moins de connexion durent deux jours et les t\u00e9moins d\u2019options d\u2019affichage durent un an. Si vous s\u00e9lectionnez \u00ab\u00a0Se souvenir de moi\u00a0\u00bb, votre connexion sera conserv\u00e9e pendant deux semaines. Si vous vous d\u00e9connectez de votre compte, les t\u00e9moins de connexion seront supprim\u00e9s.<\/p>\r\n<p>Si vous modifiez ou publiez un article, un t\u00e9moin suppl\u00e9mentaire sera enregistr\u00e9 dans votre navigateur. Ce t\u00e9moin ne contient aucune donn\u00e9e personnelle et indique simplement l\u2019identifiant de l\u2019article que vous venez de modifier. Il expire au bout d&#8217;un jour.<\/p>\r\n<p>Contenu int\u00e9gr\u00e9 provenant d&#8217;autres sites Web<\/p>\r\n<p>Suggestion de texte\u00a0: Les articles de ce site peuvent inclure du contenu int\u00e9gr\u00e9 (par exemple, des vid\u00e9os, des images, des articles, etc.). Le contenu int\u00e9gr\u00e9 provenant d&#8217;autres sites web se comporte exactement de la m\u00eame mani\u00e8re que si le visiteur avait visit\u00e9 l&#8217;autre site web.<\/p>\r\n<p>Ces sites Web peuvent recueillir des donn\u00e9es vous concernant, utiliser des t\u00e9moins, int\u00e9grer des outils de suivi tiers suppl\u00e9mentaires et surveiller vos interactions avec ce contenu int\u00e9gr\u00e9, y compris le suivi de vos interactions avec le contenu int\u00e9gr\u00e9 si vous poss\u00e9dez un compte et \u00eates connect\u00e9 \u00e0 ce site web.<\/p>\r\n<p>Avec qui partageons-nous vos donn\u00e9es\u00a0?<\/p>\r\n<p>Suggestion de texte\u00a0: Si vous demandez une r\u00e9initialisation de votre mot de passe, votre adresse IP sera incluse dans le courriel de r\u00e9initialisation.<\/p>\r\n<p>Dur\u00e9e de conservation de vos donn\u00e9es\u00a0?<\/p>\r\n<p>Suggestion de texte\u00a0: Si vous laissez un commentaire, celui-ci et ses m\u00e9tadonn\u00e9es sont conserv\u00e9s ind\u00e9finiment. Cela nous permet de reconna\u00eetre et d&#8217;approuver automatiquement les commentaires suivants au lieu de les laisser en file d&#8217;attente de mod\u00e9ration.<\/p>\r\n<p>Pour les utilisateurs qui s&#8217;inscrivent sur notre site Web (le cas \u00e9ch\u00e9ant), nous stockons \u00e9galement les renseignements personnels qu&#8217;ils fournissent dans leur profil utilisateur. Tous les utilisateurs peuvent consulter, modifier ou supprimer leurs renseignements personnels en tout temps (sauf leur nom d&#8217;utilisateur). Les administrateurs du site Web peuvent \u00e9galement consulter et modifier ces informations.<\/p>\r\n<p>Quels sont vos droits sur vos donn\u00e9es\u00a0?<\/p>\r\n<p>Suggestion de texte\u00a0: Si vous avez un compte sur ce site ou si vous avez laiss\u00e9 des commentaires, vous pouvez demander \u00e0 recevoir un fichier contenant toutes les donn\u00e9es personnelles que nous d\u00e9tenons \u00e0 votre sujet, y compris celles que vous nous avez fournies. Vous pouvez \u00e9galement demander la suppression de toutes les donn\u00e9es personnelles que nous d\u00e9tenons \u00e0 votre sujet. Cela n&#8217;inclut pas les donn\u00e9es que nous sommes tenus de conserver \u00e0 des fins administratives, juridiques ou de s\u00e9curit\u00e9.<\/p>\r\n<p>O\u00f9 sont envoy\u00e9es vos donn\u00e9es\u00a0?<\/p>\r\n<p>Suggestion de texte\u00a0: Les commentaires des visiteurs peuvent \u00eatre v\u00e9rifi\u00e9s gr\u00e2ce \u00e0 un service automatis\u00e9 de d\u00e9tection des spams.<\/p>","protected":false},"excerpt":{"rendered":"<p>Qui sommes-nous\u00a0? Suggestion de texte\u00a0: L\u2019adresse de notre site Web est\u00a0: https:\/\/lebaobabstore.com. Commentaires Suggestion de texte\u00a0: Lorsque les visiteurs laissent des commentaires sur le site, nous recueillons les donn\u00e9es figurant [&hellip;]<\/p>\n","protected":false},"author":1,"featured_media":0,"parent":0,"menu_order":0,"comment_status":"closed","ping_status":"open","template":"page-templates\/tpl-support-common.php","meta":{"_acf_changed":false,"footnotes":""},"class_list":["post-495","page","type-page","status-publish","hentry"],"acf":[],"_links":{"self":[{"href":"https:\/\/lebaobabstore.com\/en\/wp-json\/wp\/v2\/pages\/495","targetHints":{"allow":["GET"]}}],"collection":[{"href":"https:\/\/lebaobabstore.com\/en\/wp-json\/wp\/v2\/pages"}],"about":[{"href":"https:\/\/lebaobabstore.com\/en\/wp-json\/wp\/v2\/types\/page"}],"author":[{"embeddable":true,"href":"https:\/\/lebaobabstore.com\/en\/wp-json\/wp\/v2\/users\/1"}],"replies":[{"embeddable":true,"href":"https:\/\/lebaobabstore.com\/en\/wp-json\/wp\/v2\/comments?post=495"}],"version-history":[{"count":2,"href":"https:\/\/lebaobabstore.com\/en\/wp-json\/wp\/v2\/pages\/495\/revisions"}],"predecessor-version":[{"id":539,"href":"https:\/\/lebaobabstore.com\/en\/wp-json\/wp\/v2\/pages\/495\/revisions\/539"}],"wp:attachment":[{"href":"https:\/\/lebaobabstore.com\/en\/wp-json\/wp\/v2\/media?parent=495"}],"curies":[{"name":"wp","href":"https:\/\/api.w.org\/{rel}","templated":true}]}}